{"id":1749,"date":"2017-01-16T12:26:48","date_gmt":"2017-01-16T11:26:48","guid":{"rendered":"http:\/\/pixel8es.com\/wpthemes\/rigel\/?page_id=1749"},"modified":"2024-07-01T14:17:45","modified_gmt":"2024-07-01T12:17:45","slug":"home","status":"publish","type":"page","link":"https:\/\/amministrazionepoliti.it\/","title":{"rendered":"Home"},"content":{"rendered":"<p>[vc_row full_width=&#8221;stretch_row&#8221; color_style=&#8221;light&#8221; css=&#8221;.vc_custom_1675762137371{padding-top: 0px !important;padding-bottom: 300px !important;background-image: url(http:\/\/amministrazionepoliti.it\/wp-content\/uploads\/2023\/02\/milano_landscape.jpg?id=2127) !important;background-position: center !important;background-repeat: no-repeat !important;background-size: cover !important;}&#8221; el_id=&#8221;header_1&#8243;][vc_column css_animation=&#8221;fadeInUp&#8221;][vc_empty_space height=&#8221;170px&#8221;][vc_row_inner][vc_column_inner width=&#8221;1\/2&#8243; css=&#8221;.vc_custom_1572005200636{border-left-width: 8px !important;border-left-color: #dd3333 !important;border-left-style: solid !important;}&#8221;][vc_column_text]<div class=\" size-sm clearfix \"  ><h1 class=\"main-title title uppercase \" style=\"margin: 0px 0px 0px 0px; font-size: 3em; color: #ffffff; \">AMMINISTRAZIONI CONDOMINIALI<\/h1><\/div>[\/vc_column_text][\/vc_column_inner][vc_column_inner width=&#8221;1\/2&#8243;][\/vc_column_inner][\/vc_row_inner][\/vc_column][\/vc_row][vc_row css=&#8221;.vc_custom_1572008664057{padding-top: 0px !important;padding-bottom: 50px !important;}&#8221; el_id=&#8221;chi_siamo&#8221;][vc_column css=&#8221;.vc_custom_1674138231057{padding-top: 20px !important;padding-bottom: 0px !important;}&#8221;][vc_column_text css=&#8221;.vc_custom_1675762581157{padding-top: 15px !important;}&#8221;]<\/p>\n<h3 style=\"text-align: center;\"><strong><em>\u201dDato che non penseremo mai nello stesso modo e vedremo la verit\u00e0 per frammenti e da diversi angoli di visuale, la regola della nostra condotta \u00e8 la tolleranza reciproca. La coscienza non \u00e8 la stessa per tutti. Quindi, mentre essa rappresenta una buona guida per la condotta individuale, I \u2018imposizione di questa condotta a tutti sarebbe un&#8217;insopportabile interferenza nella libert\u00e0 di coscienza di ognuno. <\/em><\/strong><\/h3>\n<h3 style=\"text-align: center;\"><strong><em>(Mahatma Gandhi).\u201d<\/em><\/strong><\/h3>\n<p>[\/vc_column_text][vc_separator css=&#8221;.vc_custom_1675762625784{padding-top: 15px !important;padding-bottom: 15px !important;}&#8221;][vc_row_inner css=&#8221;.vc_custom_1675762513434{padding-top: 0px !important;}&#8221;][vc_column_inner width=&#8221;1\/2&#8243;][vc_single_image image=&#8221;2129&#8243; img_size=&#8221;full&#8221; alignment=&#8221;center&#8221; css=&#8221;.vc_custom_1675762177151{padding-top: 20px !important;padding-bottom: 0px !important;}&#8221;][\/vc_column_inner][vc_column_inner width=&#8221;1\/2&#8243; css=&#8221;.vc_custom_1571999551044{padding-right: 35px !important;padding-left: 35px !important;}&#8221;][vc_column_text css=&#8221;.vc_custom_1669715900287{padding-top: 20px !important;padding-bottom: 10px !important;}&#8221;]<\/p>\n<h5>Lo studio Politi svolge l\u2019attivit\u00e0 da oltre vent\u2019anni nel settore immobiliare con la specifica competenza e la professionalit\u00e0 necessaria per la risoluzione delle problematiche condominiali pi\u00f9 diversificate.<\/h5>\n<p>La figura dell\u2019Amministratore ormai preposta all\u2019assolvimento di ogni pratica di natura sia fiscale che tecnica si deve avvalere di uno staff che possa garantire una gestione condominiale in modo da risolvere in breve tempo ogni tipo di problematica, per questo ci si avvale oltre alle componenti informatiche pi\u00f9 avanzate anche di collaboratori e professionisti ormai consolidati specifici per ogni campo sia tecnico che amministrativo. Le nostre prerogative sono cortesia, disponibilit\u00e0 e professionalit\u00e0.[\/vc_column_text][\/vc_column_inner][\/vc_row_inner][\/vc_column][\/vc_row][vc_row full_width=&#8221;stretch_row&#8221; css=&#8221;.vc_custom_1572008978257{padding-top: 0px !important;padding-bottom: 0px !important;background-image: url(http:\/\/amministrazionepoliti.it\/wp-content\/uploads\/2019\/10\/img4.jpg?id=1793) !important;background-position: center !important;background-repeat: no-repeat !important;background-size: cover !important;}&#8221; el_id=&#8221;cosa_offriamo&#8221;][vc_column css=&#8221;.vc_custom_1573487025956{padding-top: 80px !important;padding-bottom: 100px !important;}&#8221;][vc_column_text css=&#8221;.vc_custom_1669729539798{padding-top: 15px !important;}&#8221;]<\/p>\n<h1 style=\"text-align: center;\"><strong>I NOSTRI SERVIZI<\/strong><\/h1>\n<h3 style=\"text-align: center;\">Siamo in grado di offrire ai nostri clienti una serie di servizi completa ed interdisciplinare, per\u00a0poter affrontare le problematiche riguardanti il settore ed il mercato immobiliare.<\/h3>\n<p>[\/vc_column_text][vc_row_inner css=&#8221;.vc_custom_1572008945501{padding-top: 20px !important;}&#8221;][vc_column_inner width=&#8221;1\/2&#8243;][vc_empty_space][vc_empty_space][\/vc_column_inner][vc_column_inner width=&#8221;1\/2&#8243;][vc_empty_space][vc_empty_space][\/vc_column_inner][\/vc_row_inner][\/vc_column][\/vc_row][vc_row css=&#8221;.vc_custom_1669738346866{border-top-width: 10px !important;padding-top: 0px !important;padding-right: 0px !important;padding-bottom: 0px !important;padding-left: 0px !important;background-position: center !important;background-repeat: no-repeat !important;background-size: cover !important;}&#8221;][vc_column css=&#8221;.vc_custom_1669738326823{padding-top: 80px !important;padding-bottom: 40px !important;}&#8221;][vc_column_text css=&#8221;.vc_custom_1669734114301{padding-top: 15px !important;}&#8221;]<\/p>\n<h1 style=\"text-align: center;\"><strong>IL NOSTRO TEAM<\/strong><\/h1>\n<h3 style=\"text-align: center;\">La nostra squadra \u00e8 composta da professionisti seri, competenti e costantemente aggiornati su tutte le novit\u00e0 del settore. Umanit\u00e0 e dedizione sono le parole chiave che guidano i nostri collaboratori.<\/h3>\n<p>[\/vc_column_text][\/vc_column][\/vc_row][vc_row gap=&#8221;35&#8243; css=&#8221;.vc_custom_1669738339291{padding-top: 0px !important;padding-right: 20px !important;padding-bottom: 50px !important;padding-left: 20px !important;background-position: center !important;background-repeat: no-repeat !important;background-size: cover !important;}&#8221;][vc_column width=&#8221;1\/3&#8243; css=&#8221;.vc_custom_1669738019983{margin-right: 15px !important;margin-left: 15px !important;border-top-width: 2px !important;border-right-width: 2px !important;border-bottom-width: 8px !important;border-left-width: 2px !important;padding-top: 20px !important;padding-right: 20px !important;padding-bottom: 20px !important;padding-left: 20px !important;border-left-color: #3b5998 !important;border-left-style: solid !important;border-right-color: #3b5998 !important;border-right-style: solid !important;border-top-color: #3b5998 !important;border-top-style: solid !important;border-bottom-color: #3b5998 !important;border-bottom-style: solid !important;}&#8221;][vc_column_text]<\/p>\n<h1 style=\"text-align: center;\"><strong>GIUSEPPE POLITI<\/strong><\/h1>\n<h3 style=\"text-align: center;\"><strong><em>Amministratore<\/em><\/strong><\/h3>\n<p>[\/vc_column_text][\/vc_column][vc_column width=&#8221;1\/3&#8243; css=&#8221;.vc_custom_1669738030362{margin-right: 15px !important;margin-left: 15px !important;border-top-width: 2px !important;border-right-width: 2px !important;border-bottom-width: 8px !important;border-left-width: 2px !important;padding-top: 20px !important;padding-right: 20px !important;padding-bottom: 20px !important;padding-left: 20px !important;border-left-color: #3b5998 !important;border-left-style: solid !important;border-right-color: #3b5998 !important;border-right-style: solid !important;border-top-color: #3b5998 !important;border-top-style: solid !important;border-bottom-color: #3b5998 !important;border-bottom-style: solid !important;}&#8221;][vc_column_text]<\/p>\n<h1 style=\"text-align: center;\"><strong>KATIA E MAURA\u00a0<\/strong><\/h1>\n<h3 style=\"text-align: center;\"><strong><em>Front office<\/em><\/strong><\/h3>\n<p>[\/vc_column_text][\/vc_column][vc_column width=&#8221;1\/3&#8243; css=&#8221;.vc_custom_1669738038689{margin-right: 15px !important;margin-left: 15px !important;border-top-width: 2px !important;border-right-width: 2px !important;border-bottom-width: 8px !important;border-left-width: 2px !important;padding-top: 20px !important;padding-right: 20px !important;padding-bottom: 20px !important;padding-left: 20px !important;border-left-color: #3b5998 !important;border-left-style: solid !important;border-right-color: #3b5998 !important;border-right-style: solid !important;border-top-color: #3b5998 !important;border-top-style: solid !important;border-bottom-color: #3b5998 !important;border-bottom-style: solid !important;}&#8221;][vc_column_text]<\/p>\n<h1 style=\"text-align: center;\">ORIETTA<\/h1>\n<h3 style=\"text-align: center;\"><strong><em>Area Contabile<\/em><\/strong><\/h3>\n<p>[\/vc_column_text][\/vc_column][\/vc_row][vc_row full_width=&#8221;stretch_row&#8221; css=&#8221;.vc_custom_1669737076615{padding-top: 60px !important;padding-bottom: 40px !important;background-color: #3b5998 !important;background-position: center !important;background-repeat: no-repeat !important;background-size: cover !important;}&#8221;][vc_column css=&#8221;.vc_custom_1571673729321{padding-top: 0px !important;padding-bottom: 0px !important;}&#8221;][vc_row_inner content_placement=&#8221;middle&#8221; css=&#8221;.vc_custom_1572005080965{padding-top: 0px !important;padding-bottom: 0px !important;}&#8221;][vc_column_inner width=&#8221;2\/3&#8243; css=&#8221;.vc_custom_1571672224550{padding-top: 0px !important;padding-bottom: 0px !important;}&#8221;][vc_column_text css=&#8221;.vc_custom_1669735533069{padding-top: 12px !important;}&#8221;]<\/p>\n<h1 style=\"color: #ffff; text-align: center;\">RICEVI UNA CONSULENZA PERSONALIZZATA<\/h1>\n<p>[\/vc_column_text][\/vc_column_inner][vc_column_inner width=&#8221;1\/3&#8243; css=&#8221;.vc_custom_1571672229748{padding-top: 0px !important;padding-bottom: 0px !important;}&#8221;][vc_btn title=&#8221;CONTATTACI&#8221; style=&#8221;outline&#8221; color=&#8221;white&#8221; align=&#8221;center&#8221; link=&#8221;url:mailto%3Aindirizzo%40email.com|||&#8221;][\/vc_column_inner][\/vc_row_inner][\/vc_column][\/vc_row][vc_row css=&#8221;.vc_custom_1572000974527{padding-top: 0px !important;padding-bottom: 20px !important;}&#8221;][vc_column][vc_row_inner css=&#8221;.vc_custom_1669740422625{padding-bottom: 0px !important;}&#8221;][vc_column_inner width=&#8221;1\/2&#8243; css=&#8221;.vc_custom_1572000855520{padding-right: 35px !important;padding-left: 35px !important;}&#8221;][vc_column_text]<\/p>\n<h1><strong>RISPOSTA IMMEDIATA<\/strong><\/h1>\n<p>Gli interventi richiesti dai nostri condomini vengono evasi dal personale di studio con tempestivit\u00e0. Tutto ci\u00f2 \u00e8 reso possibile grazie ai nostri fornitori,\u00a0<strong>professionisti del settore, in grado di assicurare tutti i servizi e risposta immediata alle emergenze<\/strong>.<\/p>\n<p>Grazie al lavoro coordinato di pi\u00f9 professionisti e consulenti di fiducia esterni, lo Studio d\u2019Amministrazione Politi \u00e8 in grado di garantire la <strong>massima assistenza in ogni ambito della vita condominiale<\/strong>.[\/vc_column_text][\/vc_column_inner][vc_column_inner width=&#8221;1\/2&#8243;][vc_single_image image=&#8221;2128&#8243; img_size=&#8221;full&#8221; alignment=&#8221;center&#8221; css=&#8221;.vc_custom_1675762186236{padding-top: 0px !important;padding-bottom: 0px !important;}&#8221;][\/vc_column_inner][\/vc_row_inner][\/vc_column][\/vc_row][vc_row full_width=&#8221;stretch_row_content_no_spaces&#8221; css=&#8221;.vc_custom_1675762281540{margin-bottom: 0px !important;padding-top: 60px !important;padding-bottom: 0px !important;}&#8221;][vc_column css=&#8221;.vc_custom_1572001854852{margin-bottom: 0px !important;padding-bottom: 0px !important;}&#8221;][vc_row_inner content_placement=&#8221;middle&#8221; gap=&#8221;10&#8243; css=&#8221;.vc_custom_1669740436917{border-top-width: 0px !important;padding-top: 0px !important;padding-bottom: 0px !important;background-color: #3b5998 !important;}&#8221;][vc_column_inner css=&#8221;.vc_custom_1675762229234{padding-top: 15px !important;padding-bottom: 0px !important;background-color: #3b5998 !important;}&#8221;][vc_column_text css=&#8221;.vc_custom_1669735372430{padding-top: 12px !important;}&#8221;]<\/p>\n<div class=\"elementor-element elementor-element-41d15fd elementor-widget elementor-widget-heading\" data-id=\"41d15fd\" data-element_type=\"widget\" data-widget_type=\"heading.default\">\n<h1 class=\"elementor-widget-container\" style=\"text-align: center; color: white;\"><span class=\"elementor-heading-title elementor-size-default\">Si riceve su appuntamento.<\/span><\/h1>\n<\/div>\n<div class=\"elementor-element elementor-element-acfd5a0 elementor-widget elementor-widget-text-editor\" data-id=\"acfd5a0\" data-element_type=\"widget\" data-widget_type=\"text-editor.default\">\n<div class=\"elementor-widget-container\">\n<div class=\"elementor-text-editor elementor-clearfix\">\n<h1 style=\"text-align: center; color: white;\">Lo Studio Politi \u00e8 aperto al pubblico<strong> dal luned\u00ec al venerd\u00ec<\/strong>\u00a0<strong>dalle 9.00 alle 12.30.<\/strong><\/h1>\n<\/div>\n<\/div>\n<\/div>\n<p>[\/vc_column_text][\/vc_column_inner][\/vc_row_inner][vc_empty_space height=&#8221;15px&#8221;][vc_gmaps link=&#8221;#E-8_JTNDaWZyYW1lJTIwc3JjJTNEJTIyaHR0cHMlM0ElMkYlMkZ3d3cuZ29vZ2xlLmNvbSUyRm1hcHMlMkZlbWJlZCUzRnBiJTNEJTIxMW0xOCUyMTFtMTIlMjExbTMlMjExZDI3OTcuNDA2MzE5MzIxOTIzJTIxMmQ5LjIwNDE0Mjg1MTMyMjY2NSUyMTNkNDUuNDgxNzYxOTc4OTk4NTg0JTIxMm0zJTIxMWYwJTIxMmYwJTIxM2YwJTIxM20yJTIxMWkxMDI0JTIxMmk3NjglMjE0ZjEzLjElMjEzbTMlMjExbTIlMjExczB4NDc4NmM2YzQ3M2IxMWI2NyUyNTNBMHhmZjQzOTIwNmI5ZDkxMWRiJTIxMnNWaWElMjUyMEx1aWdpJTI1MjBTZXR0ZW1icmluaSUyNTJDJTI1MjAyNiUyNTJDJTI1MjAyMDEyNCUyNTIwTWlsYW5vJTI1MjBNSSUyMTVlMCUyMTNtMiUyMTFzaXQlMjEyc2l0JTIxNHYxNjY5Nzk4Nzg3MzE0JTIxNW0yJTIxMXNpdCUyMTJzaXQlMjIlMjB3aWR0aCUzRCUyMjEwMCUyMiUyMGhlaWdodCUzRCUyMjYwMCUyMiUyMHN0eWxlJTNEJTIyYm9yZGVyJTNBMCUzQiUyMiUyMGFsbG93ZnVsbHNjcmVlbiUzRCUyMiUyMiUyMGxvYWRpbmclM0QlMjJsYXp5JTIyJTIwcmVmZXJyZXJwb2xpY3klM0QlMjJuby1yZWZlcnJlci13aGVuLWRvd25ncmFkZSUyMiUzRSUzQyUyRmlmcmFtZSUzRQ==&#8221; size=&#8221;600&#8243; css=&#8221;.vc_custom_1669798823374{margin-bottom: 0px !important;padding-bottom: 0px !important;}&#8221;][\/vc_column][\/vc_row][vc_row full_width=&#8221;stretch_row&#8221; css=&#8221;.vc_custom_1669737113988{padding-top: 0px !important;padding-bottom: 30px !important;background-color: #3b5998 !important;}&#8221;][vc_column][vc_row_inner gap=&#8221;15&#8243;][vc_column_inner width=&#8221;1\/3&#8243;][vc_single_image image=&#8221;2102&#8243; img_size=&#8221;medium&#8221; css=&#8221;.vc_custom_1669822903654{padding-top: 12px !important;}&#8221;][\/vc_column_inner][vc_column_inner width=&#8221;1\/3&#8243;][vc_column_text css=&#8221;.vc_custom_1675762087467{margin-bottom: 0px !important;padding-top: 10px !important;padding-bottom: 20px !important;}&#8221;]<span style=\"color: #ffffff;\">P. IVA 02043870183 &#8211; Privacy policy<\/span>[\/vc_column_text][vc_column_text css=&#8221;.vc_custom_1719836258478{margin-top: 0px !important;padding-top: 0px !important;}&#8221;]<span style=\"color: #ffffff;\"><a style=\"color: #ffffff;\" href=\"https:\/\/www.d360.cloud\/\" target=\"_blank\" rel=\"noopener noreferrer\">&gt;BACHECA CONDOMINIALE<\/a><\/span><br \/>\n<span style=\"color: #ffffff;\"><a style=\"color: #ffffff;\" href=\"https:\/\/www.d360.cloud\/privacycondominiale\" target=\"_blank\" rel=\"noopener noreferrer\">&gt;PRIVACY CONDOMINIALE<\/a><\/span>[\/vc_column_text][\/vc_column_inner][vc_column_inner width=&#8221;1\/3&#8243;][vc_column_text css=&#8221;.vc_custom_1669737840892{margin-bottom: 0px !important;}&#8221;]<div class=\"icon-box default  text-left \"  ><span class=\"icon-wrap\" style=\"margin: 10px 20px 0px 0px; color: #ffff; width: 10; height: 10; \"><i class=\"ama-icon pixicon-comment-discussion\"><\/i><\/span><div class=\"icon-box-content\"><h2 class=\"title uppercase\" style=\"\"><\/h2><div class=\"content\" style=\"color: #ffffff; \"><p>+02.36.57.92.76\u00a0 &#8211;\u00a0 info@amministrazionepoliti.it<\/p>\n<\/div><\/div><\/div>[\/vc_column_text][vc_column_text]<div class=\"icon-box default  text-left \"  ><span class=\"icon-wrap\" style=\"margin: 10px 20px 0px 0px; color: #ffff; width: 10; \"><i class=\"ama-icon pixicon-location\"><\/i><\/span><div class=\"icon-box-content\"><h2 class=\"title uppercase\" style=\"\"><\/h2><div class=\"content\" style=\"color: #ffffff; \"><p>Milano, Via Settembrini, 26<\/p>\n<\/div><\/div><\/div>[\/vc_column_text][\/vc_column_inner][\/vc_row_inner][\/vc_column][\/vc_row]<\/p>\n","protected":false},"excerpt":{"rendered":"<p>[vc_row full_width=&#8221;stretch_row&#8221; color_style=&#8221;light&#8221; css=&#8221;.vc_custom_1675762137371{padding-top: 0px !important;padding-bottom: 300px !important;background-image: url(http:\/\/amministrazionepoliti.it\/wp-content\/uploads\/2023\/02\/milano_landscape.jpg?id=2127) !important;background-position: center !important;background-repeat: no-repeat !important;background-size: cover !important;}&#8221; el_id=&#8221;header_1&#8243;][vc_column css_animation=&#8221;fadeInUp&#8221;][vc_empty_space height=&#8221;170px&#8221;][vc_row_inner][vc_column_inner width=&#8221;1\/2&#8243; css=&#8221;.vc_custom_1572005200636{border-left-width: 8px !important;border-left-color: #dd3333 !important;border-left-style: solid !important;}&#8221;][vc_column_text][\/vc_column_text][\/vc_column_inner][vc_column_inner width=&#8221;1\/2&#8243;][\/vc_column_inner][\/vc_row_inner][\/vc_column][\/vc_row][vc_row css=&#8221;.vc_custom_1572008664057{padding-top: 0px !important;padding-bottom: 50px !important;}&#8221; el_id=&#8221;chi_siamo&#8221;][vc_column css=&#8221;.vc_custom_1674138231057{padding-top: 20px !important;padding-bottom: 0px !important;}&#8221;][vc_column_text css=&#8221;.vc_custom_1675762581157{padding-top:&#8230;<\/p>\n","protected":false},"author":1,"featured_media":0,"parent":0,"menu_order":0,"comment_status":"closed","ping_status":"closed","template":"","meta":[],"_links":{"self":[{"href":"https:\/\/amministrazionepoliti.it\/index.php?rest_route=\/wp\/v2\/pages\/1749"}],"collection":[{"href":"https:\/\/amministrazionepoliti.it\/index.php?rest_route=\/wp\/v2\/pages"}],"about":[{"href":"https:\/\/amministrazionepoliti.it\/index.php?rest_route=\/wp\/v2\/types\/page"}],"author":[{"embeddable":true,"href":"https:\/\/amministrazionepoliti.it\/index.php?rest_route=\/wp\/v2\/users\/1"}],"replies":[{"embeddable":true,"href":"https:\/\/amministrazionepoliti.it\/index.php?rest_route=%2Fwp%2Fv2%2Fcomments&post=1749"}],"version-history":[{"count":300,"href":"https:\/\/amministrazionepoliti.it\/index.php?rest_route=\/wp\/v2\/pages\/1749\/revisions"}],"predecessor-version":[{"id":2140,"href":"https:\/\/amministrazionepoliti.it\/index.php?rest_route=\/wp\/v2\/pages\/1749\/revisions\/2140"}],"wp:attachment":[{"href":"https:\/\/amministrazionepoliti.it\/index.php?rest_route=%2Fwp%2Fv2%2Fmedia&parent=1749"}],"curies":[{"name":"wp","href":"https:\/\/api.w.org\/{rel}","templated":true}]}}